{"id":141,"date":"2022-02-04T16:08:51","date_gmt":"2022-02-04T22:08:51","guid":{"rendered":"https:\/\/www.cosmickidsdental.com\/?page_id=141"},"modified":"2024-05-10T15:02:39","modified_gmt":"2024-05-10T21:02:39","slug":"fluoride","status":"publish","type":"page","link":"https:\/\/www.cosmickidsdental.com\/es\/servicios\/cuidado-dental-preventivo\/fluor\/","title":{"rendered":"Fl\u00faor"},"content":{"rendered":"<h2>Fl\u00faor en Henderson, NV<\/h2>\n<p>El fl\u00faor beneficia enormemente la salud bucodental de tu hijo, y se puede administrar a trav\u00e9s del agua del grifo, la ingesta de alimentos sanos y mediante tratamientos profesionales, los cuales llevamos a cabo en nuestra consulta de Henderson. Colaboramos con los padres a la hora de aplicar al ni\u00f1o una odontolog\u00eda preventiva, ofreci\u00e9ndoles consejos, sugerencias y estrategias para evitar las caries, las enfermedades de las enc\u00edas y otros problemas de salud bucodental. \u00a1Queremos que tu hijo no sufra nunca una caries!<\/p>\n<blockquote>\n<h5><em> <img loading=\"lazy\" decoding=\"async\" class=\"alignnone wp-image-3764\" src=\"https:\/\/www.cosmickidsdental.com\/wp-content\/uploads\/2024\/08\/lightbulb.png\" alt=\"\" width=\"35\" height=\"35\" \/>\u00bfSAB\u00cdAS QUE...? <\/em><\/h5>\n<p> La mayor\u00eda de los suministros p\u00fablicos de agua de Estados Unidos est\u00e1n enriquecidos con fl\u00faor para beneficiar la salud bucodental de los ni\u00f1os.<\/em><\/p><\/blockquote>\n<h2>El fl\u00faor es un arma poderosa contra la caries<\/h2>\n<p>A lo mejor te est\u00e1s preguntando qu\u00e9 tiene de especial el fl\u00faor. \u00bfPor qu\u00e9 es tan importante para los dientes? El esmalte dental necesita calcio y f\u00f3sforo para fortalecerse. El fl\u00faor atrae estos minerales.<\/p>\n<p>Cuando consumimos almidones, incluyendo az\u00facares, las bacterias orales producen un \u00e1cido que extrae el calcio y el f\u00f3sforo del esmalte, reblandeci\u00e9ndolo. Al estar m\u00e1s blando y desmineralizado, el esmalte dental queda expuesto al ataque bacteriano. Las bacterias da\u00f1inas carcomen la estructura del diente y provocan <a href=\"\/es\/servicios\/dentista-general-para-ninos\/cavity-prevention-treatment\/\">caries dental<\/a>.<\/p>\n<p>Afortunadamente, la saliva contiene f\u00f3sforo y fl\u00faor, remineralizando los dientes. Si se a\u00f1ade fl\u00faor extra, los dientes se vuelven menos propensos a reblandecerse y a desarrollar caries.<\/p>\n<p>Una dieta con fl\u00faor tambi\u00e9n beneficia a los ni\u00f1os. Los dientes permanentes van creciendo en el interior de la mand\u00edbula antes de aparecer. Al beber agua del grifo y comer alimentos ricos en fl\u00faor, estos dientes que a\u00fan no han salido reciben fl\u00faor y su esmalte se fortalece. Entre los alimentos que contienen fl\u00faor figuran la avena, las zanahorias cocidas, las pasas y las patatas. En este sentido, los adultos no aprovechan el fl\u00faor ingerido porque sus dientes permanentes est\u00e1n completamente desarrollados.<\/p>\n<h2>Tratamientos profesionales con fl\u00faor en Henderson<\/h2>\n<p>Este tipo de tratamiento profesional se aplica en apenas unos minutos y es una excelente herramienta contra la caries. Sigue estos pasos si tu hijo necesita un tratamiento con fl\u00faor:<\/p>\n<ol>\n<li>Realizamos una limpieza dental para eliminar la placa, el sarro y los restos de comida.<\/li>\n<li>Utilizamos un protector o gel dental para salvaguardar las enc\u00edas.<\/li>\n<li>A continuaci\u00f3n aplicamos el fl\u00faor l\u00edquido en todos los dientes.<\/li>\n<li>Tu hijo deber\u00e1 esperar unos minutos a que el fl\u00faor se asiente, luego limpiaremos el exceso y retiraremos el protector o el gel.<\/li>\n<li>Procura que tu hijo <strong>no <\/strong>coma ni beba nada durante los 30 minutos siguientes al tratamiento. Al principio, es posible que los dientes se noten arenosos, pero esta sensaci\u00f3n desaparecer\u00e1.<\/li>\n<li>Seg\u00fan recomiende el dentista, el proceso puede repetirse en cada cita de exploraci\u00f3n y limpieza, o cada dos citas.<\/li>\n<\/ol>\n<h2>\u00bfPasta de dientes con o sin fl\u00faor?<\/h2>\n<p>Los ni\u00f1os menores de tres a\u00f1os no escupen la pasta dent\u00edfrica, sino que tragan la mayor parte cuando se les cepillan los dientes. Recomendamos que los beb\u00e9s y ni\u00f1os peque\u00f1os utilicen dent\u00edfricos no fluorados.<\/p>\n<p>Una vez que el ni\u00f1o se familiarice con la pr\u00e1ctica de escupir al cepillarse, ya puede usar dent\u00edfrico fluorado.<\/p>\n<p>\u00bfPor qu\u00e9 los ni\u00f1os no deben tragarse dent\u00edfricos con fl\u00faor? Durante el desarrollo, los dientes permanentes pueden mancharse con l\u00edneas blancas horizontales si se ingiere pasta dent\u00edfrica fluorada todos los d\u00edas. Estas l\u00edneas, llamadas fluorosis, no son perjudiciales para la salud, pero generan un defecto est\u00e9tico. Un blanqueamiento dental puede abrillantar un esmalte sin fluorosis, lo que ayuda a disimular las l\u00edneas, pero no existe ning\u00fan procedimiento para eliminar las l\u00edneas de fluorosis del esmalte, quedando como manchas permanentes de por vida.<\/p>\n<h2>Mant\u00e9n sanos y fuertes los dientes de tu hijo<\/h2>\n<p>Los tratamientos dentales profesionales a base de fl\u00faor son un arma m\u00e1s en tu arsenal contra la caries, especialmente cuando se combinan con un buen cuidado bucal diario y constante en casa, ex\u00e1menes semestrales y limpiezas. Tambi\u00e9n ofrecemos selladores dentales para crear una barrera entre los molares dif\u00edciles de limpiar y las bacterias bucales da\u00f1inas. Somos tus dentistas de confianza y estaremos encantados de responder a todas tus preguntas sobre odontolog\u00eda preventiva. Ponte en contacto con nosotros hoy mismo para concertar una cita con tu hijo en nuestra consulta de odontolog\u00eda infantil de Henderson. <a href=\"\/es\/contacto\/\">Ponte en contacto con nosotros hoy mismo<\/a> to schedule your child\u2019s appointment with our children\u2019s dentistry office in Henderson.<\/p>","protected":false},"excerpt":{"rendered":"<p>El fl\u00faor aporta grandes beneficios a la salud bucodental de tu hijo. Los tratamientos profesionales con fl\u00faor se aplican en cuesti\u00f3n de minutos y ayudan a prevenir las caries.<\/p>","protected":false},"author":2,"featured_media":3563,"parent":3407,"menu_order":0,"comment_status":"closed","ping_status":"closed","template":"","meta":{"_et_pb_use_builder":"","_et_pb_old_content":"","_et_gb_content_width":"","_monsterinsights_skip_tracking":false,"_monsterinsights_sitenote_active":false,"_monsterinsights_sitenote_note":"","_monsterinsights_sitenote_category":0,"footnotes":""},"class_list":["post-141","page","type-page","status-publish","has-post-thumbnail","hentry"],"aioseo_notices":[],"aioseo_head":"\n\t\t<!-- All in One SEO Pro 4.9.5.2 - aioseo.com -->\n\t<meta name=\"description\" content=\"Fluoride benefits a child\u2019s oral health. Learn about our healthy applications of fluoride for your child\u2019s smile.\" \/>\n\t<meta name=\"robots\" content=\"max-image-preview:large\" \/>\n\t<link rel=\"canonical\" href=\"https:\/\/www.cosmickidsdental.com\/es\/servicios\/cuidado-dental-preventivo\/fluor\/\" \/>\n\t<meta name=\"generator\" content=\"All in One SEO Pro (AIOSEO) 4.9.5.2\" \/>\n\t\t<meta property=\"og:locale\" content=\"es_MX\" \/>\n\t\t<meta property=\"og:site_name\" content=\"Cosmic Kids Dental &amp; Orthodontics | Our dental office is devoted to serving our community and ensuring everyone has affordable access to dental care. We have several payment options available in addition to dental insurance, including Medicaid and CareCredit.\" \/>\n\t\t<meta property=\"og:type\" content=\"company\" \/>\n\t\t<meta property=\"og:title\" content=\"Fluoride in Henderson | Cosmic Kids Dental &amp; Orthodontics\" \/>\n\t\t<meta property=\"og:description\" content=\"Fluoride benefits a child\u2019s oral health. Learn about our healthy applications of fluoride for your child\u2019s smile.\" \/>\n\t\t<meta property=\"og:url\" content=\"https:\/\/www.cosmickidsdental.com\/es\/servicios\/cuidado-dental-preventivo\/fluor\/\" \/>\n\t\t<meta property=\"og:image\" content=\"https:\/\/www.cosmickidsdental.com\/wp-content\/uploads\/2024\/05\/ChildandFatherPlayingWithBlocks.jpg\" \/>\n\t\t<meta property=\"og:image:secure_url\" content=\"https:\/\/www.cosmickidsdental.com\/wp-content\/uploads\/2024\/05\/ChildandFatherPlayingWithBlocks.jpg\" \/>\n\t\t<meta property=\"og:image:width\" content=\"600\" \/>\n\t\t<meta property=\"og:image:height\" content=\"600\" \/>\n\t\t<meta name=\"twitter:card\" content=\"summary_large_image\" \/>\n\t\t<meta name=\"twitter:title\" content=\"Fluoride in Henderson | Cosmic Kids Dental &amp; Orthodontics\" \/>\n\t\t<meta name=\"twitter:description\" content=\"Fluoride benefits a child\u2019s oral health. Learn about our healthy applications of fluoride for your child\u2019s smile.\" \/>\n\t\t<meta name=\"twitter:image\" content=\"https:\/\/www.cosmickidsdental.com\/wp-content\/uploads\/2024\/08\/CosmicKidsLogo2.png\" \/>\n\t\t<script type=\"application\/ld+json\" class=\"aioseo-schema\">\n\t\t\t{\"@context\":\"https:\\\/\\\/schema.org\",\"@graph\":[{\"@type\":\"BreadcrumbList\",\"@id\":\"https:\\\/\\\/www.cosmickidsdental.com\\\/es\\\/servicios\\\/cuidado-dental-preventivo\\\/fluor\\\/#breadcrumblist\",\"itemListElement\":[{\"@type\":\"ListItem\",\"@id\":\"https:\\\/\\\/www.cosmickidsdental.com\\\/es#listItem\",\"position\":1,\"name\":\"Home\",\"item\":\"https:\\\/\\\/www.cosmickidsdental.com\\\/es\",\"nextItem\":{\"@type\":\"ListItem\",\"@id\":\"https:\\\/\\\/www.cosmickidsdental.com\\\/es\\\/servicios\\\/#listItem\",\"name\":\"Services\"}},{\"@type\":\"ListItem\",\"@id\":\"https:\\\/\\\/www.cosmickidsdental.com\\\/es\\\/servicios\\\/#listItem\",\"position\":2,\"name\":\"Services\",\"item\":\"https:\\\/\\\/www.cosmickidsdental.com\\\/es\\\/servicios\\\/\",\"nextItem\":{\"@type\":\"ListItem\",\"@id\":\"https:\\\/\\\/www.cosmickidsdental.com\\\/es\\\/servicios\\\/cuidado-dental-preventivo\\\/#listItem\",\"name\":\"Preventive Dental Care\"},\"previousItem\":{\"@type\":\"ListItem\",\"@id\":\"https:\\\/\\\/www.cosmickidsdental.com\\\/es#listItem\",\"name\":\"Home\"}},{\"@type\":\"ListItem\",\"@id\":\"https:\\\/\\\/www.cosmickidsdental.com\\\/es\\\/servicios\\\/cuidado-dental-preventivo\\\/#listItem\",\"position\":3,\"name\":\"Preventive Dental Care\",\"item\":\"https:\\\/\\\/www.cosmickidsdental.com\\\/es\\\/servicios\\\/cuidado-dental-preventivo\\\/\",\"nextItem\":{\"@type\":\"ListItem\",\"@id\":\"https:\\\/\\\/www.cosmickidsdental.com\\\/es\\\/servicios\\\/cuidado-dental-preventivo\\\/fluor\\\/#listItem\",\"name\":\"Fluoride\"},\"previousItem\":{\"@type\":\"ListItem\",\"@id\":\"https:\\\/\\\/www.cosmickidsdental.com\\\/es\\\/servicios\\\/#listItem\",\"name\":\"Services\"}},{\"@type\":\"ListItem\",\"@id\":\"https:\\\/\\\/www.cosmickidsdental.com\\\/es\\\/servicios\\\/cuidado-dental-preventivo\\\/fluor\\\/#listItem\",\"position\":4,\"name\":\"Fluoride\",\"previousItem\":{\"@type\":\"ListItem\",\"@id\":\"https:\\\/\\\/www.cosmickidsdental.com\\\/es\\\/servicios\\\/cuidado-dental-preventivo\\\/#listItem\",\"name\":\"Preventive Dental Care\"}}]},{\"@type\":\"Organization\",\"@id\":\"https:\\\/\\\/www.cosmickidsdental.com\\\/es\\\/#organization\",\"name\":\"Cosmic Kids Dental & Orthodontics\",\"description\":\"Our dental office is devoted to serving our community and ensuring everyone has affordable access to dental care. We have several payment options available in addition to dental insurance, including Medicaid and CareCredit.\",\"url\":\"https:\\\/\\\/www.cosmickidsdental.com\\\/es\\\/\",\"email\":\"info@cosmickidsdental.com\",\"telephone\":\"+17027458512\",\"logo\":{\"@type\":\"ImageObject\",\"url\":\"https:\\\/\\\/www.cosmickidsdental.com\\\/wp-content\\\/uploads\\\/2024\\\/08\\\/CosmicKidsLogo2.png\",\"@id\":\"https:\\\/\\\/www.cosmickidsdental.com\\\/es\\\/servicios\\\/cuidado-dental-preventivo\\\/fluor\\\/#organizationLogo\",\"width\":554,\"height\":323},\"image\":{\"@id\":\"https:\\\/\\\/www.cosmickidsdental.com\\\/es\\\/servicios\\\/cuidado-dental-preventivo\\\/fluor\\\/#organizationLogo\"},\"sameAs\":[\"https:\\\/\\\/www.facebook.com\\\/cosmickidsdentalnv\\\/\"],\"address\":{\"@id\":\"https:\\\/\\\/www.cosmickidsdental.com\\\/es\\\/#postaladdress\",\"@type\":\"PostalAddress\",\"streetAddress\":\"390 N. Stephanie St., Suite #104\",\"postalCode\":\"89014\",\"addressLocality\":\"Henderson\",\"addressRegion\":\"Nevada\",\"addressCountry\":\"US\"}},{\"@type\":\"WebPage\",\"@id\":\"https:\\\/\\\/www.cosmickidsdental.com\\\/es\\\/servicios\\\/cuidado-dental-preventivo\\\/fluor\\\/#webpage\",\"url\":\"https:\\\/\\\/www.cosmickidsdental.com\\\/es\\\/servicios\\\/cuidado-dental-preventivo\\\/fluor\\\/\",\"name\":\"Fluoride in Henderson | Cosmic Kids Dental & Orthodontics\",\"description\":\"Fluoride benefits a child\\u2019s oral health. Learn about our healthy applications of fluoride for your child\\u2019s smile.\",\"inLanguage\":\"es-MX\",\"isPartOf\":{\"@id\":\"https:\\\/\\\/www.cosmickidsdental.com\\\/es\\\/#website\"},\"breadcrumb\":{\"@id\":\"https:\\\/\\\/www.cosmickidsdental.com\\\/es\\\/servicios\\\/cuidado-dental-preventivo\\\/fluor\\\/#breadcrumblist\"},\"image\":{\"@type\":\"ImageObject\",\"url\":\"https:\\\/\\\/www.cosmickidsdental.com\\\/wp-content\\\/uploads\\\/2024\\\/05\\\/ChildandFatherPlayingWithBlocks.jpg\",\"@id\":\"https:\\\/\\\/www.cosmickidsdental.com\\\/es\\\/servicios\\\/cuidado-dental-preventivo\\\/fluor\\\/#mainImage\",\"width\":600,\"height\":600,\"caption\":\"Child and father playing with blocks\"},\"primaryImageOfPage\":{\"@id\":\"https:\\\/\\\/www.cosmickidsdental.com\\\/es\\\/servicios\\\/cuidado-dental-preventivo\\\/fluor\\\/#mainImage\"},\"datePublished\":\"2022-02-04T16:08:51-06:00\",\"dateModified\":\"2024-05-10T15:02:39-06:00\"},{\"@type\":\"WebSite\",\"@id\":\"https:\\\/\\\/www.cosmickidsdental.com\\\/es\\\/#website\",\"url\":\"https:\\\/\\\/www.cosmickidsdental.com\\\/es\\\/\",\"name\":\"Cosmic Kids Dental & Orthodontics\",\"alternateName\":\"Cosmic Kids Dental\",\"description\":\"Our dental office is devoted to serving our community and ensuring everyone has affordable access to dental care. We have several payment options available in addition to dental insurance, including Medicaid and CareCredit.\",\"inLanguage\":\"es-MX\",\"publisher\":{\"@id\":\"https:\\\/\\\/www.cosmickidsdental.com\\\/es\\\/#organization\"}}]}\n\t\t<\/script>\n\t\t<!-- All in One SEO Pro -->\r\n\t\t<title>Fluoride in Henderson | Cosmic Kids Dental &amp; Orthodontics<\/title>\n\n","aioseo_head_json":{"title":"Fl\u00faor en Henderson | Cosmic Kids Dental &amp; Orthodontics","description":"El fl\u00faor beneficia la salud bucal de los ni\u00f1os. Descubre nuestros tratamientos saludables a base de fl\u00faor para cuidar la sonrisa de tu hijo.","canonical_url":"https:\/\/www.cosmickidsdental.com\/es\/servicios\/cuidado-dental-preventivo\/fluor\/","robots":"max-image-preview:large","keywords":"","webmasterTools":{"miscellaneous":""},"schema":{"@context":"https:\/\/schema.org","@graph":[{"@type":"BreadcrumbList","@id":"https:\/\/www.cosmickidsdental.com\/es\/servicios\/cuidado-dental-preventivo\/fluor\/#breadcrumblist","itemListElement":[{"@type":"ListItem","@id":"https:\/\/www.cosmickidsdental.com\/es#listItem","position":1,"name":"Home","item":"https:\/\/www.cosmickidsdental.com\/es","nextItem":{"@type":"ListItem","@id":"https:\/\/www.cosmickidsdental.com\/es\/servicios\/#listItem","name":"Services"}},{"@type":"ListItem","@id":"https:\/\/www.cosmickidsdental.com\/es\/servicios\/#listItem","position":2,"name":"Services","item":"https:\/\/www.cosmickidsdental.com\/es\/servicios\/","nextItem":{"@type":"ListItem","@id":"https:\/\/www.cosmickidsdental.com\/es\/servicios\/cuidado-dental-preventivo\/#listItem","name":"Preventive Dental Care"},"previousItem":{"@type":"ListItem","@id":"https:\/\/www.cosmickidsdental.com\/es#listItem","name":"Home"}},{"@type":"ListItem","@id":"https:\/\/www.cosmickidsdental.com\/es\/servicios\/cuidado-dental-preventivo\/#listItem","position":3,"name":"Preventive Dental Care","item":"https:\/\/www.cosmickidsdental.com\/es\/servicios\/cuidado-dental-preventivo\/","nextItem":{"@type":"ListItem","@id":"https:\/\/www.cosmickidsdental.com\/es\/servicios\/cuidado-dental-preventivo\/fluor\/#listItem","name":"Fluoride"},"previousItem":{"@type":"ListItem","@id":"https:\/\/www.cosmickidsdental.com\/es\/servicios\/#listItem","name":"Services"}},{"@type":"ListItem","@id":"https:\/\/www.cosmickidsdental.com\/es\/servicios\/cuidado-dental-preventivo\/fluor\/#listItem","position":4,"name":"Fluoride","previousItem":{"@type":"ListItem","@id":"https:\/\/www.cosmickidsdental.com\/es\/servicios\/cuidado-dental-preventivo\/#listItem","name":"Preventive Dental Care"}}]},{"@type":"Organization","@id":"https:\/\/www.cosmickidsdental.com\/es\/#organization","name":"Cosmic Kids Dental & Orthodontics","description":"Our dental office is devoted to serving our community and ensuring everyone has affordable access to dental care. We have several payment options available in addition to dental insurance, including Medicaid and CareCredit.","url":"https:\/\/www.cosmickidsdental.com\/es\/","email":"info@cosmickidsdental.com","telephone":"+17027458512","logo":{"@type":"ImageObject","url":"https:\/\/www.cosmickidsdental.com\/wp-content\/uploads\/2024\/08\/CosmicKidsLogo2.png","@id":"https:\/\/www.cosmickidsdental.com\/es\/servicios\/cuidado-dental-preventivo\/fluor\/#organizationLogo","width":554,"height":323},"image":{"@id":"https:\/\/www.cosmickidsdental.com\/es\/servicios\/cuidado-dental-preventivo\/fluor\/#organizationLogo"},"sameAs":["https:\/\/www.facebook.com\/cosmickidsdentalnv\/"],"address":{"@id":"https:\/\/www.cosmickidsdental.com\/es\/#postaladdress","@type":"PostalAddress","streetAddress":"390 N. Stephanie St., Suite #104","postalCode":"89014","addressLocality":"Henderson","addressRegion":"Nevada","addressCountry":"US"}},{"@type":"WebPage","@id":"https:\/\/www.cosmickidsdental.com\/es\/servicios\/cuidado-dental-preventivo\/fluor\/#webpage","url":"https:\/\/www.cosmickidsdental.com\/es\/servicios\/cuidado-dental-preventivo\/fluor\/","name":"Fluoride in Henderson | Cosmic Kids Dental & Orthodontics","description":"Fluoride benefits a child\u2019s oral health. Learn about our healthy applications of fluoride for your child\u2019s smile.","inLanguage":"es-MX","isPartOf":{"@id":"https:\/\/www.cosmickidsdental.com\/es\/#website"},"breadcrumb":{"@id":"https:\/\/www.cosmickidsdental.com\/es\/servicios\/cuidado-dental-preventivo\/fluor\/#breadcrumblist"},"image":{"@type":"ImageObject","url":"https:\/\/www.cosmickidsdental.com\/wp-content\/uploads\/2024\/05\/ChildandFatherPlayingWithBlocks.jpg","@id":"https:\/\/www.cosmickidsdental.com\/es\/servicios\/cuidado-dental-preventivo\/fluor\/#mainImage","width":600,"height":600,"caption":"Child and father playing with blocks"},"primaryImageOfPage":{"@id":"https:\/\/www.cosmickidsdental.com\/es\/servicios\/cuidado-dental-preventivo\/fluor\/#mainImage"},"datePublished":"2022-02-04T16:08:51-06:00","dateModified":"2024-05-10T15:02:39-06:00"},{"@type":"WebSite","@id":"https:\/\/www.cosmickidsdental.com\/es\/#website","url":"https:\/\/www.cosmickidsdental.com\/es\/","name":"Cosmic Kids Dental & Orthodontics","alternateName":"Cosmic Kids Dental","description":"Our dental office is devoted to serving our community and ensuring everyone has affordable access to dental care. We have several payment options available in addition to dental insurance, including Medicaid and CareCredit.","inLanguage":"es-MX","publisher":{"@id":"https:\/\/www.cosmickidsdental.com\/es\/#organization"}}]},"og:locale":"es_MX","og:site_name":"Cosmic Kids Dental &amp; Orthodontics | Our dental office is devoted to serving our community and ensuring everyone has affordable access to dental care. We have several payment options available in addition to dental insurance, including Medicaid and CareCredit.","og:type":"company","og:title":"Fluoride in Henderson | Cosmic Kids Dental &amp; Orthodontics","og:description":"Fluoride benefits a child\u2019s oral health. Learn about our healthy applications of fluoride for your child\u2019s smile.","og:url":"https:\/\/www.cosmickidsdental.com\/es\/servicios\/cuidado-dental-preventivo\/fluor\/","og:image":"https:\/\/www.cosmickidsdental.com\/wp-content\/uploads\/2024\/05\/ChildandFatherPlayingWithBlocks.jpg","og:image:secure_url":"https:\/\/www.cosmickidsdental.com\/wp-content\/uploads\/2024\/05\/ChildandFatherPlayingWithBlocks.jpg","og:image:width":600,"og:image:height":600,"twitter:card":"summary_large_image","twitter:title":"Fluoride in Henderson | Cosmic Kids Dental &amp; Orthodontics","twitter:description":"Fluoride benefits a child\u2019s oral health. Learn about our healthy applications of fluoride for your child\u2019s smile.","twitter:image":"https:\/\/www.cosmickidsdental.com\/wp-content\/uploads\/2024\/08\/CosmicKidsLogo2.png"},"aioseo_meta_data":{"post_id":"141","title":null,"description":null,"keywords":[],"keyphrases":{"focus":{"keyphrase":"Fluoride","score":75,"analysis":{"keyphraseInTitle":{"score":9,"maxScore":9,"error":0},"keyphraseInDescription":{"score":3,"maxScore":9,"error":1},"keyphraseLength":{"score":9,"maxScore":9,"error":0,"length":1},"keyphraseInURL":{"score":5,"maxScore":5,"error":0},"keyphraseInIntroduction":{"score":9,"maxScore":9,"error":0},"keyphraseInSubHeadings":{"score":9,"maxScore":9,"error":0},"keyphraseInImageAlt":[],"keywordDensity":{"type":"high","score":0,"maxScore":9,"error":1}}},"additional":[]},"primary_term":null,"canonical_url":null,"og_title":null,"og_description":null,"og_object_type":"default","og_image_type":"default","og_image_url":null,"og_image_width":null,"og_image_height":null,"og_image_custom_url":null,"og_image_custom_fields":null,"og_video":"","og_custom_url":null,"og_article_section":null,"og_article_tags":[],"twitter_use_og":false,"twitter_card":"default","twitter_image_type":"default","twitter_image_url":null,"twitter_image_custom_url":null,"twitter_image_custom_fields":null,"twitter_title":null,"twitter_description":null,"schema":{"blockGraphs":[],"customGraphs":[],"default":{"data":{"Article":[],"Course":[],"Dataset":[],"FAQPage":[],"Movie":[],"Person":[],"Product":[],"ProductReview":[],"Car":[],"Recipe":[],"Service":[],"SoftwareApplication":[],"WebPage":{"id":"aioseo-web-page-63e5709bc550b","slug":"web-page","graphName":"WebPage","label":"Web Page","properties":{"type":"WebPage","name":"","description":""}}},"graphName":"WebPage","isEnabled":true},"graphs":[]},"schema_type":"default","schema_type_options":"{\"article\":{\"articleType\":\"BlogPosting\"},\"course\":{\"name\":\"\",\"description\":\"\",\"provider\":\"\"},\"faq\":{\"pages\":[]},\"product\":{\"reviews\":[]},\"recipe\":{\"ingredients\":[],\"instructions\":[],\"keywords\":[]},\"software\":{\"reviews\":[],\"operatingSystems\":[]},\"webPage\":{\"webPageType\":\"WebPage\"}}","pillar_content":false,"robots_default":true,"robots_noindex":false,"robots_noarchive":false,"robots_nosnippet":false,"robots_nofollow":false,"robots_noimageindex":false,"robots_noodp":false,"robots_notranslate":false,"robots_max_snippet":"-1","robots_max_videopreview":"-1","robots_max_imagepreview":"large","priority":null,"frequency":"default","local_seo":null,"seo_analyzer_scan_date":"2025-08-15 00:52:44","breadcrumb_settings":null,"limit_modified_date":false,"open_ai":"{\"title\":{\"suggestions\":[],\"usage\":0},\"description\":{\"suggestions\":[],\"usage\":0}}","ai":null,"created":"2022-02-04 22:08:51","updated":"2025-10-21 20:16:18"},"aioseo_breadcrumb":"<div class=\"aioseo-breadcrumbs\"><span class=\"aioseo-breadcrumb\">\n\t<a href=\"https:\/\/www.cosmickidsdental.com\/es\" title=\"Home\">Home<\/a>\n<\/span><span class=\"aioseo-breadcrumb-separator\">&raquo;<\/span><span class=\"aioseo-breadcrumb\">\n\t<a href=\"https:\/\/www.cosmickidsdental.com\/es\/servicios\/\" title=\"Services\">Services<\/a>\n<\/span><span class=\"aioseo-breadcrumb-separator\">&raquo;<\/span><span class=\"aioseo-breadcrumb\">\n\t<a href=\"https:\/\/www.cosmickidsdental.com\/es\/servicios\/cuidado-dental-preventivo\/\" title=\"Preventive Dental Care\">Preventive Dental Care<\/a>\n<\/span><span class=\"aioseo-breadcrumb-separator\">&raquo;<\/span><span class=\"aioseo-breadcrumb\">\n\tFluoride\n<\/span><\/div>","aioseo_breadcrumb_json":[{"label":"Home","link":"https:\/\/www.cosmickidsdental.com\/es"},{"label":"Services","link":"https:\/\/www.cosmickidsdental.com\/es\/servicios\/"},{"label":"Preventive Dental Care","link":"https:\/\/www.cosmickidsdental.com\/es\/servicios\/cuidado-dental-preventivo\/"},{"label":"Fluoride","link":"https:\/\/www.cosmickidsdental.com\/es\/servicios\/cuidado-dental-preventivo\/fluor\/"}],"_links":{"self":[{"href":"https:\/\/www.cosmickidsdental.com\/es\/wp-json\/wp\/v2\/pages\/141","targetHints":{"allow":["GET"]}}],"collection":[{"href":"https:\/\/www.cosmickidsdental.com\/es\/wp-json\/wp\/v2\/pages"}],"about":[{"href":"https:\/\/www.cosmickidsdental.com\/es\/wp-json\/wp\/v2\/types\/page"}],"author":[{"embeddable":true,"href":"https:\/\/www.cosmickidsdental.com\/es\/wp-json\/wp\/v2\/users\/2"}],"replies":[{"embeddable":true,"href":"https:\/\/www.cosmickidsdental.com\/es\/wp-json\/wp\/v2\/comments?post=141"}],"version-history":[{"count":0,"href":"https:\/\/www.cosmickidsdental.com\/es\/wp-json\/wp\/v2\/pages\/141\/revisions"}],"up":[{"embeddable":true,"href":"https:\/\/www.cosmickidsdental.com\/es\/wp-json\/wp\/v2\/pages\/3407"}],"wp:featuredmedia":[{"embeddable":true,"href":"https:\/\/www.cosmickidsdental.com\/es\/wp-json\/wp\/v2\/media\/3563"}],"wp:attachment":[{"href":"https:\/\/www.cosmickidsdental.com\/es\/wp-json\/wp\/v2\/media?parent=141"}],"curies":[{"name":"wp","href":"https:\/\/api.w.org\/{rel}","templated":true}]}}